{"id":1783,"date":"2023-06-02T10:08:54","date_gmt":"2023-06-02T10:08:54","guid":{"rendered":"https:\/\/hostwiz.in\/carlosf4l\/?page_id=1783"},"modified":"2023-12-11T12:21:23","modified_gmt":"2023-12-11T12:21:23","slug":"testimonials","status":"publish","type":"page","link":"https:\/\/carlosfit4life.com\/index.php\/testimonials\/","title":{"rendered":"Testimonials"},"content":{"rendered":"\t\t<div data-elementor-type=\"wp-page\" data-elementor-id=\"1783\" class=\"elementor elementor-1783\">\n\t\t\t\t\t\t\t\t\t<section class=\"elementor-section elementor-top-section elementor-element elementor-element-de8118c elementor-section-full_width elementor-section-height-default elementor-section-height-default\" data-id=\"de8118c\" data-element_type=\"section\" data-settings=\"{&quot;background_background&quot;:&quot;classic&quot;}\">\n\t\t\t\t\t\t<div class=\"elementor-container elementor-column-gap-no\">\n\t\t\t\t\t<div class=\"elementor-column elementor-col-100 elementor-top-column elementor-element elementor-element-ac1bfb8\" data-id=\"ac1bfb8\" data-element_type=\"column\" data-settings=\"{&quot;background_background&quot;:&quot;classic&quot;}\">\n\t\t\t<div class=\"elementor-widget-wrap elementor-element-populated\">\n\t\t\t\t\t\t\t\t<div class=\"elementor-element elementor-element-b15531e elementor-widget elementor-widget-samantha-intro\" data-id=\"b15531e\" data-element_type=\"widget\" data-widget_type=\"samantha-intro.default\">\n\t\t\t\t<div class=\"elementor-widget-container\">\n\t\t\t\n\t\t<section class=\"hero-section \">\n\t\t    <div class=\"container\">\n\t\t        <div class=\"row align-items-center\">\n\t\t            <div class=\" col-lg-6 col-md 12 col-sm-12\" data-aos=\"fade-right\" data-aos-delay=\"200\" data-aos-duration=\"400\">\n\t\t            \t<div class=\"content\">\n\t\t\t\t\t\t\t\t\t\t\t\t\t\t\t\t\t\t\t\t\t\t                <h2>\n\t\t\t\t\t\t\t\t\t\t\t<span >\n\t\t\t\t\t\t\t          Testimonials\t\t\t\t\t\t\t        <\/span>\n\t\t\t\t\t\t\t\t\t\t<\/h2>\n\t\t\t\t\t\t\t\t\t\t\t\t\t\t\t\t\t\t\t\t\t\t                <p>\n\t\t\t\t\t\t\t\t\t\t\t<span >\n\t\t\t\t\t\t\t          At Carlos Fit 4 Life, you will receive personalized attention, expert guidance, and a supportive environment that will empower you to achieve optimal fitness and well-being. Start your  journey with Carlos today!\t\t\t\t\t\t\t        <\/span>\n\t\t\t\t\t\t\t\t\t\t<\/p>\n\t\t\t\t\t\t\t\t\t\t\t\t\t\t\t\t\t\t\t\t\t\t\t\t\t\t\t\t\t\t\t\t               <\/div>\n\t\t            <\/div>\n\n\t\t            <div class=\"col-lg-6 col-md 12 col-sm-12\" data-aos=\"fade-left\" data-aos-delay=\"300\" data-aos-duration=\"500\">\n\t\t            \t<div class=\"row\">\n\t\t            \t\t<div class=\"col-lg-8 col-md-8 col-sm-8 col-8 p-0\">\n\t\t\t\t\t\t\t\t\t\t\t            \t\t<div class=\"about-section-photo\">\n\t\t\t            \t\t\t<img decoding=\"async\" alt=\"Photo Image\" class=\"Photo-about\" src=\"https:\/\/carlosfit4life.com\/wp-content\/uploads\/2023\/09\/testimonials-1-950x534-1.jpg\" \/>\n\t\t\t            \t\t<\/div>\n\t\t\t\t\t\t\t\t\t\t\t            \t<\/div>\n\t\t\t            \t<div class=\"col-lg-4 col-md-4 col-sm-4 col-4 p-0\">\n\t\t\t\t\t\t\t\t\t\t\t            \t\t<div class=\"about-photo-section \">\n\t\t\t            \t\t\t<img decoding=\"async\" alt=\"Photo Image\" class=\"Photo-about-1\" src=\"https:\/\/carlosfit4life.com\/wp-content\/uploads\/2023\/09\/testimonials-2.jpg\" \/>\n\t\t\t            \t\t<\/div>\n\t\t\t\t\t\t\t\t\t\t\t            \t<\/div>\n\t\t\t            <\/div>\n\t\t            <\/div>\n\t\t        <\/div>\n\t\t    <\/div>\n\t\t<\/section>\n\n\t\t\t\t<\/div>\n\t\t\t\t<\/div>\n\t\t\t\t\t<\/div>\n\t\t<\/div>\n\t\t\t\t\t\t\t<\/div>\n\t\t<\/section>\n\t\t\t\t<section class=\"elementor-section elementor-top-section elementor-element elementor-element-d8e1085 elementor-section-boxed elementor-section-height-default elementor-section-height-default\" data-id=\"d8e1085\" data-element_type=\"section\">\n\t\t\t\t\t\t<div class=\"elementor-container elementor-column-gap-no\">\n\t\t\t\t\t<div class=\"elementor-column elementor-col-100 elementor-top-column elementor-element elementor-element-7b861b6\" data-id=\"7b861b6\" data-element_type=\"column\">\n\t\t\t<div class=\"elementor-widget-wrap elementor-element-populated\">\n\t\t\t\t\t\t\t\t<div class=\"elementor-element elementor-element-6ae541e elementor-widget elementor-widget-samantha-testimonials-carousel\" data-id=\"6ae541e\" data-element_type=\"widget\" data-widget_type=\"samantha-testimonials-carousel.default\">\n\t\t\t\t<div class=\"elementor-widget-container\">\n\t\t\t\n\t\t\n\t\t<section class=\"testimonials-section gap \">\n\t\t\t<div class=\"container-fluid\">\n\t\t\t\t\t\t\t\t<div class=\"heading\" data-aos=\"fade-up\" data-aos-delay=\"200\" data-aos-duration=\"400\">\n\t\t\t\t\t\t\t\t\t\t<h3>\n\t\t\t\t\t\t<span >\n\t\t\t\t\t\t\tReal people. Real Results\t\t\t\t\t\t<\/span>\n\t\t\t\t\t<\/h3>\n\t\t\t\t\t\t\t\t\t\t\t\t\t\t<\/div>\n\t\t\t\t\n\t\t\t\t\t\t\t\t<div class=\"row loop-slider owl-carousel owl-theme\" data-aos=\"fade-up\" data-aos-delay=\"300\" data-aos-duration=\"500\">\n\t\t\t\t\t\t\t\t\t\t<div class=\"col-lg-12 item\">\n\t\t\t\t\t\t<div class=\"slider\">\n\t\t\t\t\t\t\t<div class=\"slider-img beforeAfter hover-style\">\n\t\t\t\t\t\t\t\t\t\t\t\t\t\t\t\t<img decoding=\"async\" alt=\"slider\" src=\"https:\/\/carlosfit4life.com\/wp-content\/uploads\/2023\/09\/testimonials-04.png\" \/>\n\t\t\t\t\t\t\t\t\t\t\t\t\t\t\t\t\t\t\t\t\t\t\t\t<img decoding=\"async\" alt=\"slider\" src=\"https:\/\/carlosfit4life.com\/wp-content\/uploads\/2023\/09\/testimonials-04.png\" \/>\n\t\t\t\t\t\t\t\t\t\t\t\t\t\t\t<\/div>\n\t\t\t\t\t\t\t<div class=\"blockquote\">\n\t\t\t\t\t\t\t\t\t\t\t\t\t\t\t\t<div >\n\t\t\t\t\t\t\t\t\t<p>For me, as a physiotherapist, having new insides of movement and breathing is a game changer. The Franklin Method helps understanding the body and mind from a different perspective.\u00a0\u00a0I took 2 workshops so far about breathing and foot movements . Can't wait for the next one to join. Thank you, Carlos, for this opportunity.<\/p>\t\t\t\t\t\t\t\t<\/div>\n\t\t\t\t\t\t\t\t\t\t\t\t\t\t\t\t<div class=\"slider-na\">\n\t\t\t\t\t\t\t\t\t\t\t\t\t\t\t\t\t\t<img decoding=\"async\" alt=\"Kathlen Kutschbach\" src=\"https:\/\/carlosfit4life.com\/wp-content\/uploads\/2023\/09\/testimonials-02-140x140-1.png\" \/>\n\t\t\t\t\t\t\t\t\t\t\t\t\t\t\t\t\t\t<div class=\"first-name\">\n\t\t\t\t\t\t\t\t\t\t\t\t\t\t\t\t\t\t\t\t<h5>\n\t\t\t\t\t\t\t\t\t\t\t<span >\n\t                      Kathlen Kutschbach\t                    <\/span>\n\t\t\t\t\t\t\t\t\t\t<\/h5>\n\t\t\t\t\t\t\t\t\t\t\t\t\t\t\t\t\t\t\t\t\t\t\t\t\t\t\t\t\t<\/div>\n\t\t\t\t\t\t\t\t<\/div>\n\t\t\t\t\t\t\t<\/div>\n\n\t\t\t\t\t\t<\/div>\n\t\t\t\t\t<\/div>\n\t\t\t\t\t\t\t\t\t\t<div class=\"col-lg-12 item\">\n\t\t\t\t\t\t<div class=\"slider\">\n\t\t\t\t\t\t\t<div class=\"slider-img beforeAfter hover-style\">\n\t\t\t\t\t\t\t\t\t\t\t\t\t\t\t\t<img decoding=\"async\" alt=\"slider\" src=\"https:\/\/carlosfit4life.com\/wp-content\/uploads\/2023\/09\/testimonials-04.png\" \/>\n\t\t\t\t\t\t\t\t\t\t\t\t\t\t\t\t\t\t\t\t\t\t\t\t<img decoding=\"async\" alt=\"slider\" src=\"https:\/\/carlosfit4life.com\/wp-content\/uploads\/2023\/09\/testimonials-04.png\" \/>\n\t\t\t\t\t\t\t\t\t\t\t\t\t\t\t<\/div>\n\t\t\t\t\t\t\t<div class=\"blockquote\">\n\t\t\t\t\t\t\t\t\t\t\t\t\t\t\t\t<div >\n\t\t\t\t\t\t\t\t\t<p>Die Franklin Methode gibt eine ganz andere Perspektive zur Bewegung des menschlichen K\u00f6rpers. Es findet eine ganz neue K\u00f6rperwahrnehmung statt.<\/p>\t\t\t\t\t\t\t\t<\/div>\n\t\t\t\t\t\t\t\t\t\t\t\t\t\t\t\t<div class=\"slider-na\">\n\t\t\t\t\t\t\t\t\t\t\t\t\t\t\t\t\t\t<img decoding=\"async\" alt=\"Kathlen Kutschbach\" src=\"https:\/\/carlosfit4life.com\/wp-content\/uploads\/2023\/09\/testimonials-02-140x140-1.png\" \/>\n\t\t\t\t\t\t\t\t\t\t\t\t\t\t\t\t\t\t<div class=\"first-name\">\n\t\t\t\t\t\t\t\t\t\t\t\t\t\t\t\t\t\t\t\t<h5>\n\t\t\t\t\t\t\t\t\t\t\t<span >\n\t                      Kathlen Kutschbach\t                    <\/span>\n\t\t\t\t\t\t\t\t\t\t<\/h5>\n\t\t\t\t\t\t\t\t\t\t\t\t\t\t\t\t\t\t\t\t\t\t\t\t\t\t\t\t\t<\/div>\n\t\t\t\t\t\t\t\t<\/div>\n\t\t\t\t\t\t\t<\/div>\n\n\t\t\t\t\t\t<\/div>\n\t\t\t\t\t<\/div>\n\t\t\t\t\t\t\t\t\t\t<div class=\"col-lg-12 item\">\n\t\t\t\t\t\t<div class=\"slider\">\n\t\t\t\t\t\t\t<div class=\"slider-img beforeAfter hover-style\">\n\t\t\t\t\t\t\t\t\t\t\t\t\t\t\t\t<img decoding=\"async\" alt=\"slider\" src=\"https:\/\/carlosfit4life.com\/wp-content\/uploads\/2023\/09\/test4.png\" \/>\n\t\t\t\t\t\t\t\t\t\t\t\t\t\t\t\t\t\t\t\t\t\t\t\t<img decoding=\"async\" alt=\"slider\" src=\"https:\/\/carlosfit4life.com\/wp-content\/uploads\/2023\/09\/test4.png\" \/>\n\t\t\t\t\t\t\t\t\t\t\t\t\t\t\t<\/div>\n\t\t\t\t\t\t\t<div class=\"blockquote\">\n\t\t\t\t\t\t\t\t\t\t\t\t\t\t\t\t<div >\n\t\t\t\t\t\t\t\t\t<div dir=\"ltr\"><div dir=\"ltr\"><div><div>I have taken two Franklin Method workshops with Carlos and I learned a lot about my body and how to move and excercise better. He teaches very practical and useful techniques to get rid of pain, improve posture and unleash the power of our brain for better health and fitness. Carlos is a wonderful instructor, very knowledgeable and caring and his FM workshops are the best!!!\u00a0<\/div><\/div><\/div><\/div>\t\t\t\t\t\t\t\t<\/div>\n\t\t\t\t\t\t\t\t\t\t\t\t\t\t\t\t<div class=\"slider-na\">\n\t\t\t\t\t\t\t\t\t\t\t\t\t\t\t\t\t\t<img decoding=\"async\" alt=\"Vicky Navajas\" src=\"https:\/\/carlosfit4life.com\/wp-content\/uploads\/2023\/09\/test4-140x140.png\" \/>\n\t\t\t\t\t\t\t\t\t\t\t\t\t\t\t\t\t\t<div class=\"first-name\">\n\t\t\t\t\t\t\t\t\t\t\t\t\t\t\t\t\t\t\t\t<h5>\n\t\t\t\t\t\t\t\t\t\t\t<span >\n\t                      Vicky Navajas\t                    <\/span>\n\t\t\t\t\t\t\t\t\t\t<\/h5>\n\t\t\t\t\t\t\t\t\t\t\t\t\t\t\t\t\t\t\t\t\t\t\t\t\t\t\t\t\t<\/div>\n\t\t\t\t\t\t\t\t<\/div>\n\t\t\t\t\t\t\t<\/div>\n\n\t\t\t\t\t\t<\/div>\n\t\t\t\t\t<\/div>\n\t\t\t\t\t\t\t\t\t\t<div class=\"col-lg-12 item\">\n\t\t\t\t\t\t<div class=\"slider\">\n\t\t\t\t\t\t\t<div class=\"slider-img beforeAfter hover-style\">\n\t\t\t\t\t\t\t\t\t\t\t\t\t\t\t\t<img decoding=\"async\" alt=\"slider\" src=\"https:\/\/carlosfit4life.com\/wp-content\/uploads\/2023\/09\/test4.png\" \/>\n\t\t\t\t\t\t\t\t\t\t\t\t\t\t\t\t\t\t\t\t\t\t\t\t<img decoding=\"async\" alt=\"slider\" src=\"https:\/\/carlosfit4life.com\/wp-content\/uploads\/2023\/09\/test4.png\" \/>\n\t\t\t\t\t\t\t\t\t\t\t\t\t\t\t<\/div>\n\t\t\t\t\t\t\t<div class=\"blockquote\">\n\t\t\t\t\t\t\t\t\t\t\t\t\t\t\t\t<div >\n\t\t\t\t\t\t\t\t\t<p>Los talleres de FM con Carlos son muy \u00fatiles, pr\u00e1cticos y divertidos!! En ellos he aprendido a conocer mejor el funcionamiento de diferentes partes del cuerpo y t\u00e9cnicas incre\u00edbles para utilizar el poder de la mente para aliviar dolores y hacer mejor cualquier ejercicio. Carlos es un instructor maravilloso, que comparte con mucha generosidad todo su conocimiento y pone pasi\u00f3n y cari\u00f1o en todo lo que ense\u00f1a.<\/p>\t\t\t\t\t\t\t\t<\/div>\n\t\t\t\t\t\t\t\t\t\t\t\t\t\t\t\t<div class=\"slider-na\">\n\t\t\t\t\t\t\t\t\t\t\t\t\t\t\t\t\t\t<img decoding=\"async\" alt=\"Vicky Navajas\" src=\"https:\/\/carlosfit4life.com\/wp-content\/uploads\/2023\/09\/test4-140x140.png\" \/>\n\t\t\t\t\t\t\t\t\t\t\t\t\t\t\t\t\t\t<div class=\"first-name\">\n\t\t\t\t\t\t\t\t\t\t\t\t\t\t\t\t\t\t\t\t<h5>\n\t\t\t\t\t\t\t\t\t\t\t<span >\n\t                      Vicky Navajas\t                    <\/span>\n\t\t\t\t\t\t\t\t\t\t<\/h5>\n\t\t\t\t\t\t\t\t\t\t\t\t\t\t\t\t\t\t\t\t\t\t\t\t\t\t\t\t\t<\/div>\n\t\t\t\t\t\t\t\t<\/div>\n\t\t\t\t\t\t\t<\/div>\n\n\t\t\t\t\t\t<\/div>\n\t\t\t\t\t<\/div>\n\t\t\t\t\t\t\t\t\t\t<div class=\"col-lg-12 item\">\n\t\t\t\t\t\t<div class=\"slider\">\n\t\t\t\t\t\t\t<div class=\"slider-img beforeAfter hover-style\">\n\t\t\t\t\t\t\t\t\t\t\t\t\t\t\t\t<img decoding=\"async\" alt=\"slider\" src=\"https:\/\/carlosfit4life.com\/wp-content\/uploads\/2023\/09\/testimonials-clients-07.png\" \/>\n\t\t\t\t\t\t\t\t\t\t\t\t\t\t\t\t\t\t\t\t\t\t\t\t<img decoding=\"async\" alt=\"slider\" src=\"https:\/\/carlosfit4life.com\/wp-content\/uploads\/2023\/09\/testimonials-clients-07.png\" \/>\n\t\t\t\t\t\t\t\t\t\t\t\t\t\t\t<\/div>\n\t\t\t\t\t\t\t<div class=\"blockquote\">\n\t\t\t\t\t\t\t\t\t\t\t\t\t\t\t\t<div >\n\t\t\t\t\t\t\t\t\t<p>Thank you Carlos for all the great classes\u00a0 we are so blessed to have you at the ADCC ,I've learned so much from you and remain always truly grateful.<\/p>\t\t\t\t\t\t\t\t<\/div>\n\t\t\t\t\t\t\t\t\t\t\t\t\t\t\t\t<div class=\"slider-na\">\n\t\t\t\t\t\t\t\t\t\t\t\t\t\t\t\t\t\t<img decoding=\"async\" alt=\" Tina Churchhouse\" src=\"https:\/\/carlosfit4life.com\/wp-content\/uploads\/2023\/09\/testimonials-clients-07-140x140.png\" \/>\n\t\t\t\t\t\t\t\t\t\t\t\t\t\t\t\t\t\t<div class=\"first-name\">\n\t\t\t\t\t\t\t\t\t\t\t\t\t\t\t\t\t\t\t\t<h5>\n\t\t\t\t\t\t\t\t\t\t\t<span >\n\t                       Tina Churchhouse\t                    <\/span>\n\t\t\t\t\t\t\t\t\t\t<\/h5>\n\t\t\t\t\t\t\t\t\t\t\t\t\t\t\t\t\t\t\t\t\t\t\t\t\t\t\t\t\t<\/div>\n\t\t\t\t\t\t\t\t<\/div>\n\t\t\t\t\t\t\t<\/div>\n\n\t\t\t\t\t\t<\/div>\n\t\t\t\t\t<\/div>\n\t\t\t\t\t\t\t\t\t\t<div class=\"col-lg-12 item\">\n\t\t\t\t\t\t<div class=\"slider\">\n\t\t\t\t\t\t\t<div class=\"slider-img beforeAfter hover-style\">\n\t\t\t\t\t\t\t\t\t\t\t\t\t\t\t\t<img decoding=\"async\" alt=\"slider\" src=\"https:\/\/carlosfit4life.com\/wp-content\/uploads\/2023\/09\/testimonials-clients-06.png\" \/>\n\t\t\t\t\t\t\t\t\t\t\t\t\t\t\t\t\t\t\t\t\t\t\t\t<img decoding=\"async\" alt=\"slider\" src=\"https:\/\/carlosfit4life.com\/wp-content\/uploads\/2023\/09\/testimonials-clients-06.png\" \/>\n\t\t\t\t\t\t\t\t\t\t\t\t\t\t\t<\/div>\n\t\t\t\t\t\t\t<div class=\"blockquote\">\n\t\t\t\t\t\t\t\t\t\t\t\t\t\t\t\t<div >\n\t\t\t\t\t\t\t\t\t<p>Training under Carlos has been a game-changer for me. His expertise in scoliosis and pelvic floor training has transformed my posture and overall well-being. With personalized programs and unwavering support, I've experienced significant improvements in my strength, mobility, and confidence. Carlos is a true professional who genuinely cares about his client's success, and I couldn't be happier with the results I've achieved under his guidance.<\/p>\t\t\t\t\t\t\t\t<\/div>\n\t\t\t\t\t\t\t\t\t\t\t\t\t\t\t\t<div class=\"slider-na\">\n\t\t\t\t\t\t\t\t\t\t\t\t\t\t\t\t\t\t<img decoding=\"async\" alt=\"Roula Saleh Samaha\" src=\"https:\/\/carlosfit4life.com\/wp-content\/uploads\/2023\/09\/testimonials-clients-06-140x140.png\" \/>\n\t\t\t\t\t\t\t\t\t\t\t\t\t\t\t\t\t\t<div class=\"first-name\">\n\t\t\t\t\t\t\t\t\t\t\t\t\t\t\t\t\t\t\t\t<h5>\n\t\t\t\t\t\t\t\t\t\t\t<span >\n\t                      Roula Saleh Samaha\t                    <\/span>\n\t\t\t\t\t\t\t\t\t\t<\/h5>\n\t\t\t\t\t\t\t\t\t\t\t\t\t\t\t\t\t\t\t\t\t\t\t\t\t\t\t\t\t<\/div>\n\t\t\t\t\t\t\t\t<\/div>\n\t\t\t\t\t\t\t<\/div>\n\n\t\t\t\t\t\t<\/div>\n\t\t\t\t\t<\/div>\n\t\t\t\t\t\t\t\t\t\t<div class=\"col-lg-12 item\">\n\t\t\t\t\t\t<div class=\"slider\">\n\t\t\t\t\t\t\t<div class=\"slider-img beforeAfter hover-style\">\n\t\t\t\t\t\t\t\t\t\t\t\t\t\t\t\t<img decoding=\"async\" alt=\"slider\" src=\"https:\/\/carlosfit4life.com\/wp-content\/uploads\/2023\/09\/test1.png\" \/>\n\t\t\t\t\t\t\t\t\t\t\t\t\t\t\t\t\t\t\t\t\t\t\t\t<img decoding=\"async\" alt=\"slider\" src=\"https:\/\/carlosfit4life.com\/wp-content\/uploads\/2023\/09\/test1.png\" \/>\n\t\t\t\t\t\t\t\t\t\t\t\t\t\t\t<\/div>\n\t\t\t\t\t\t\t<div class=\"blockquote\">\n\t\t\t\t\t\t\t\t\t\t\t\t\t\t\t\t<div >\n\t\t\t\t\t\t\t\t\tSo happy we crossed paths and met. Such an inspiration to me to continue to learn more about the body, teaching and embodiment\t\t\t\t\t\t\t\t<\/div>\n\t\t\t\t\t\t\t\t\t\t\t\t\t\t\t\t<div class=\"slider-na\">\n\t\t\t\t\t\t\t\t\t\t\t\t\t\t\t\t\t\t<img decoding=\"async\" alt=\"Lillian Castillo M\u00fcller\" src=\"https:\/\/carlosfit4life.com\/wp-content\/uploads\/2023\/09\/test1-140x140.png\" \/>\n\t\t\t\t\t\t\t\t\t\t\t\t\t\t\t\t\t\t<div class=\"first-name\">\n\t\t\t\t\t\t\t\t\t\t\t\t\t\t\t\t\t\t\t\t<h5>\n\t\t\t\t\t\t\t\t\t\t\t<span >\n\t                      Lillian Castillo M\u00fcller\t                    <\/span>\n\t\t\t\t\t\t\t\t\t\t<\/h5>\n\t\t\t\t\t\t\t\t\t\t\t\t\t\t\t\t\t\t\t\t\t\t\t\t\t\t\t\t\t<\/div>\n\t\t\t\t\t\t\t\t<\/div>\n\t\t\t\t\t\t\t<\/div>\n\n\t\t\t\t\t\t<\/div>\n\t\t\t\t\t<\/div>\n\t\t\t\t\t\t\t\t\t\t<div class=\"col-lg-12 item\">\n\t\t\t\t\t\t<div class=\"slider\">\n\t\t\t\t\t\t\t<div class=\"slider-img beforeAfter hover-style\">\n\t\t\t\t\t\t\t\t\t\t\t\t\t\t\t\t<img decoding=\"async\" alt=\"slider\" src=\"https:\/\/carlosfit4life.com\/wp-content\/uploads\/2023\/09\/test6.png\" \/>\n\t\t\t\t\t\t\t\t\t\t\t\t\t\t\t\t\t\t\t\t\t\t\t\t<img decoding=\"async\" alt=\"slider\" src=\"https:\/\/carlosfit4life.com\/wp-content\/uploads\/2023\/09\/test6.png\" \/>\n\t\t\t\t\t\t\t\t\t\t\t\t\t\t\t<\/div>\n\t\t\t\t\t\t\t<div class=\"blockquote\">\n\t\t\t\t\t\t\t\t\t\t\t\t\t\t\t\t<div >\n\t\t\t\t\t\t\t\t\tCarlos is a Great Human Being, full of love and compassion. His light brings joy and happiness to all of us. He speaks the truth, we love him so much\t\t\t\t\t\t\t\t<\/div>\n\t\t\t\t\t\t\t\t\t\t\t\t\t\t\t\t<div class=\"slider-na\">\n\t\t\t\t\t\t\t\t\t\t\t\t\t\t\t\t\t\t<img decoding=\"async\" alt=\"Cecilia Ayoub \" src=\"https:\/\/carlosfit4life.com\/wp-content\/uploads\/2023\/09\/test6-140x140.png\" \/>\n\t\t\t\t\t\t\t\t\t\t\t\t\t\t\t\t\t\t<div class=\"first-name\">\n\t\t\t\t\t\t\t\t\t\t\t\t\t\t\t\t\t\t\t\t<h5>\n\t\t\t\t\t\t\t\t\t\t\t<span >\n\t                      Cecilia Ayoub \t                    <\/span>\n\t\t\t\t\t\t\t\t\t\t<\/h5>\n\t\t\t\t\t\t\t\t\t\t\t\t\t\t\t\t\t\t\t\t\t\t\t\t\t\t\t\t\t<\/div>\n\t\t\t\t\t\t\t\t<\/div>\n\t\t\t\t\t\t\t<\/div>\n\n\t\t\t\t\t\t<\/div>\n\t\t\t\t\t<\/div>\n\t\t\t\t\t\t\t\t\t\t<div class=\"col-lg-12 item\">\n\t\t\t\t\t\t<div class=\"slider\">\n\t\t\t\t\t\t\t<div class=\"slider-img beforeAfter hover-style\">\n\t\t\t\t\t\t\t\t\t\t\t\t\t\t\t\t<img decoding=\"async\" alt=\"slider\" src=\"https:\/\/carlosfit4life.com\/wp-content\/uploads\/2023\/09\/test3.png\" \/>\n\t\t\t\t\t\t\t\t\t\t\t\t\t\t\t\t\t\t\t\t\t\t\t\t<img decoding=\"async\" alt=\"slider\" src=\"https:\/\/carlosfit4life.com\/wp-content\/uploads\/2023\/09\/test3.png\" \/>\n\t\t\t\t\t\t\t\t\t\t\t\t\t\t\t<\/div>\n\t\t\t\t\t\t\t<div class=\"blockquote\">\n\t\t\t\t\t\t\t\t\t\t\t\t\t\t\t\t<div >\n\t\t\t\t\t\t\t\t\tWhere do I start except by saying You Changed my Life Forever and I Thank God every day for you coming into my life. You do everything with love, kindness and compassion. You always put others first. You tell it how it is without messing about, and help people grow. You are a big reason why I\u2019m where I am today and I will always be grateful for YOU.\t\t\t\t\t\t\t\t<\/div>\n\t\t\t\t\t\t\t\t\t\t\t\t\t\t\t\t<div class=\"slider-na\">\n\t\t\t\t\t\t\t\t\t\t\t\t\t\t\t\t\t\t<img decoding=\"async\" alt=\"Suzi Curtis \" src=\"https:\/\/carlosfit4life.com\/wp-content\/uploads\/2023\/09\/test3-140x140.png\" \/>\n\t\t\t\t\t\t\t\t\t\t\t\t\t\t\t\t\t\t<div class=\"first-name\">\n\t\t\t\t\t\t\t\t\t\t\t\t\t\t\t\t\t\t\t\t<h5>\n\t\t\t\t\t\t\t\t\t\t\t<span >\n\t                      Suzi Curtis \t                    <\/span>\n\t\t\t\t\t\t\t\t\t\t<\/h5>\n\t\t\t\t\t\t\t\t\t\t\t\t\t\t\t\t\t\t\t\t\t\t\t\t\t\t\t\t\t<\/div>\n\t\t\t\t\t\t\t\t<\/div>\n\t\t\t\t\t\t\t<\/div>\n\n\t\t\t\t\t\t<\/div>\n\t\t\t\t\t<\/div>\n\t\t\t\t\t\t\t\t\t\t<div class=\"col-lg-12 item\">\n\t\t\t\t\t\t<div class=\"slider\">\n\t\t\t\t\t\t\t<div class=\"slider-img beforeAfter hover-style\">\n\t\t\t\t\t\t\t\t\t\t\t\t\t\t\t\t<img decoding=\"async\" alt=\"slider\" src=\"https:\/\/carlosfit4life.com\/wp-content\/uploads\/2023\/09\/test2.png\" \/>\n\t\t\t\t\t\t\t\t\t\t\t\t\t\t\t\t\t\t\t\t\t\t\t\t<img decoding=\"async\" alt=\"slider\" src=\"https:\/\/carlosfit4life.com\/wp-content\/uploads\/2023\/09\/test2.png\" \/>\n\t\t\t\t\t\t\t\t\t\t\t\t\t\t\t<\/div>\n\t\t\t\t\t\t\t<div class=\"blockquote\">\n\t\t\t\t\t\t\t\t\t\t\t\t\t\t\t\t<div >\n\t\t\t\t\t\t\t\t\t<p>Carlos is a great Human Being full of Love and Compassion<\/p>\t\t\t\t\t\t\t\t<\/div>\n\t\t\t\t\t\t\t\t\t\t\t\t\t\t\t\t<div class=\"slider-na\">\n\t\t\t\t\t\t\t\t\t\t\t\t\t\t\t\t\t\t<img decoding=\"async\" alt=\"Anna Bright \" src=\"https:\/\/carlosfit4life.com\/wp-content\/uploads\/2023\/09\/test2-140x140.png\" \/>\n\t\t\t\t\t\t\t\t\t\t\t\t\t\t\t\t\t\t<div class=\"first-name\">\n\t\t\t\t\t\t\t\t\t\t\t\t\t\t\t\t\t\t\t\t<h5>\n\t\t\t\t\t\t\t\t\t\t\t<span >\n\t                      Anna Bright \t                    <\/span>\n\t\t\t\t\t\t\t\t\t\t<\/h5>\n\t\t\t\t\t\t\t\t\t\t\t\t\t\t\t\t\t\t\t\t\t\t\t\t\t\t\t\t\t<\/div>\n\t\t\t\t\t\t\t\t<\/div>\n\t\t\t\t\t\t\t<\/div>\n\n\t\t\t\t\t\t<\/div>\n\t\t\t\t\t<\/div>\n\t\t\t\t\t\t\t\t\t\t<div class=\"col-lg-12 item\">\n\t\t\t\t\t\t<div class=\"slider\">\n\t\t\t\t\t\t\t<div class=\"slider-img beforeAfter hover-style\">\n\t\t\t\t\t\t\t\t\t\t\t\t\t\t\t\t<img decoding=\"async\" alt=\"slider\" src=\"https:\/\/carlosfit4life.com\/wp-content\/uploads\/2023\/09\/test5.png\" \/>\n\t\t\t\t\t\t\t\t\t\t\t\t\t\t\t\t\t\t\t\t\t\t\t\t<img decoding=\"async\" alt=\"slider\" src=\"https:\/\/carlosfit4life.com\/wp-content\/uploads\/2023\/09\/test5.png\" \/>\n\t\t\t\t\t\t\t\t\t\t\t\t\t\t\t<\/div>\n\t\t\t\t\t\t\t<div class=\"blockquote\">\n\t\t\t\t\t\t\t\t\t\t\t\t\t\t\t\t<div >\n\t\t\t\t\t\t\t\t\tCarlos loves nothing more than helping others become healthy and strong. His teaching methods combine the western knowledge of the body like myofascial release and kinetic strength training with the manipulation of energy and controlling the mind from eastern traditions. He\u2019s constantly learning and redefining the notion and practice of fitness.\t\t\t\t\t\t\t\t<\/div>\n\t\t\t\t\t\t\t\t\t\t\t\t\t\t\t\t<div class=\"slider-na\">\n\t\t\t\t\t\t\t\t\t\t\t\t\t\t\t\t\t\t<img decoding=\"async\" alt=\"Emily Musharbash\" src=\"https:\/\/carlosfit4life.com\/wp-content\/uploads\/2023\/09\/test5-140x140.png\" \/>\n\t\t\t\t\t\t\t\t\t\t\t\t\t\t\t\t\t\t<div class=\"first-name\">\n\t\t\t\t\t\t\t\t\t\t\t\t\t\t\t\t\t\t\t\t<h5>\n\t\t\t\t\t\t\t\t\t\t\t<span >\n\t                      Emily Musharbash\t                    <\/span>\n\t\t\t\t\t\t\t\t\t\t<\/h5>\n\t\t\t\t\t\t\t\t\t\t\t\t\t\t\t\t\t\t\t\t\t\t\t\t\t\t\t\t\t<\/div>\n\t\t\t\t\t\t\t\t<\/div>\n\t\t\t\t\t\t\t<\/div>\n\n\t\t\t\t\t\t<\/div>\n\t\t\t\t\t<\/div>\n\t\t\t\t\t\t\t\t\t\t<div class=\"col-lg-12 item\">\n\t\t\t\t\t\t<div class=\"slider\">\n\t\t\t\t\t\t\t<div class=\"slider-img beforeAfter hover-style\">\n\t\t\t\t\t\t\t\t\t\t\t\t\t\t\t\t<img decoding=\"async\" alt=\"slider\" src=\"https:\/\/carlosfit4life.com\/wp-content\/uploads\/2023\/09\/testimonials-03-1.png\" \/>\n\t\t\t\t\t\t\t\t\t\t\t\t\t\t\t\t\t\t\t\t\t\t\t\t<img decoding=\"async\" alt=\"slider\" src=\"https:\/\/carlosfit4life.com\/wp-content\/uploads\/2023\/09\/testimonials-03-1.png\" \/>\n\t\t\t\t\t\t\t\t\t\t\t\t\t\t\t<\/div>\n\t\t\t\t\t\t\t<div class=\"blockquote\">\n\t\t\t\t\t\t\t\t\t\t\t\t\t\t\t\t<div >\n\t\t\t\t\t\t\t\t\t<p>Carlos is simply amazing in every single way. He\u2019s the best instructor and human being. He has so much knowledge, positive energy and love to share with everyone and that\u2019s why his classes are wonderful. May God bless him so he can continue shining and making the world a better place.<\/p>\t\t\t\t\t\t\t\t<\/div>\n\t\t\t\t\t\t\t\t\t\t\t\t\t\t\t\t<div class=\"slider-na\">\n\t\t\t\t\t\t\t\t\t\t\t\t\t\t\t\t\t\t<img decoding=\"async\" alt=\"Sharifa\" src=\"https:\/\/carlosfit4life.com\/wp-content\/uploads\/2023\/09\/testimonials-03-1-140x140.png\" \/>\n\t\t\t\t\t\t\t\t\t\t\t\t\t\t\t\t\t\t<div class=\"first-name\">\n\t\t\t\t\t\t\t\t\t\t\t\t\t\t\t\t\t\t\t\t<h5>\n\t\t\t\t\t\t\t\t\t\t\t<span >\n\t                      Sharifa\t                    <\/span>\n\t\t\t\t\t\t\t\t\t\t<\/h5>\n\t\t\t\t\t\t\t\t\t\t\t\t\t\t\t\t\t\t\t\t\t\t\t\t\t\t\t\t\t<\/div>\n\t\t\t\t\t\t\t\t<\/div>\n\t\t\t\t\t\t\t<\/div>\n\n\t\t\t\t\t\t<\/div>\n\t\t\t\t\t<\/div>\n\t\t\t\t\t\t\t\t\t<\/div>\n\t\t\t\t\t\t\t<\/div>\n\t\t<\/section>\n\n\t\t\n\t\t\t\t<\/div>\n\t\t\t\t<\/div>\n\t\t\t\t\t<\/div>\n\t\t<\/div>\n\t\t\t\t\t\t\t<\/div>\n\t\t<\/section>\n\t\t\t\t\t\t\t<\/div>\n\t\t","protected":false},"excerpt":{"rendered":"<p>Testimonials At Carlos Fit 4 Life, you will receive personalized attention, expert guidance, and a supportive environment that will empower.. <span class=\"smth-el-more\"><a href=\"https:\/\/carlosfit4life.com\/index.php\/testimonials\/\" class=\"smth-readmore\">Read more<i class=\"fas fa-arrow-right\"><\/i><\/a><\/span><\/p>\n","protected":false},"author":1,"featured_media":0,"parent":0,"menu_order":0,"comment_status":"closed","ping_status":"closed","template":"template-layout-builder.php","meta":{"footnotes":""},"class_list":["post-1783","page","type-page","status-publish","hentry"],"acf":[],"_links":{"self":[{"href":"https:\/\/carlosfit4life.com\/index.php\/wp-json\/wp\/v2\/pages\/1783","targetHints":{"allow":["GET"]}}],"collection":[{"href":"https:\/\/carlosfit4life.com\/index.php\/wp-json\/wp\/v2\/pages"}],"about":[{"href":"https:\/\/carlosfit4life.com\/index.php\/wp-json\/wp\/v2\/types\/page"}],"author":[{"embeddable":true,"href":"https:\/\/carlosfit4life.com\/index.php\/wp-json\/wp\/v2\/users\/1"}],"replies":[{"embeddable":true,"href":"https:\/\/carlosfit4life.com\/index.php\/wp-json\/wp\/v2\/comments?post=1783"}],"version-history":[{"count":0,"href":"https:\/\/carlosfit4life.com\/index.php\/wp-json\/wp\/v2\/pages\/1783\/revisions"}],"wp:attachment":[{"href":"https:\/\/carlosfit4life.com\/index.php\/wp-json\/wp\/v2\/media?parent=1783"}],"curies":[{"name":"wp","href":"https:\/\/api.w.org\/{rel}","templated":true}]}}